{"id":2070,"date":"2018-12-04T15:36:19","date_gmt":"2018-12-04T14:36:19","guid":{"rendered":"https:\/\/harboe-stage.dev2.webko.io\/de-foerste-100-aar\/"},"modified":"2020-09-30T10:34:14","modified_gmt":"2020-09-30T09:34:14","slug":"die-ersten-100-jahre","status":"publish","type":"page","link":"https:\/\/harboe.com\/de\/die-ersten-100-jahre\/","title":{"rendered":"Die ersten 100 Jahre"},"content":{"rendered":"","protected":false},"excerpt":{"rendered":"","protected":false},"author":8,"featured_media":2071,"parent":0,"menu_order":0,"comment_status":"closed","ping_status":"closed","template":"","meta":{"_acf_changed":false,"footnotes":""},"class_list":["post-2070","page","type-page","status-publish","has-post-thumbnail","hentry"],"acf":[],"yoast_head":"<!-- This site is optimized with the Yoast SEO plugin v26.0 - https:\/\/yoast.com\/wordpress\/plugins\/seo\/ -->\n<title>Die ersten 100 Jahre - Harboe<\/title>\n<meta name=\"description\" content=\"Alles begann 1883 in Sk\u00e6lsk\u00f8r mit den zwei Br\u00fcdern J\u00f8rgen und Adolph, die einen gemeinsamen Traum vom Bierbrauen hatten.\" \/>\n<meta name=\"robots\" content=\"index, follow, max-snippet:-1, max-image-preview:large, max-video-preview:-1\" \/>\n<link rel=\"canonical\" href=\"https:\/\/harboe.com\/de\/die-ersten-100-jahre\/\" \/>\n<meta property=\"og:locale\" content=\"de_DE\" \/>\n<meta property=\"og:type\" content=\"article\" \/>\n<meta property=\"og:title\" content=\"Die ersten 100 Jahre - Harboe\" \/>\n<meta property=\"og:description\" content=\"Alles begann 1883 in Sk\u00e6lsk\u00f8r mit den zwei Br\u00fcdern J\u00f8rgen und Adolph, die einen gemeinsamen Traum vom Bierbrauen hatten.\" \/>\n<meta property=\"og:url\" content=\"https:\/\/harboe.com\/de\/die-ersten-100-jahre\/\" \/>\n<meta property=\"og:site_name\" content=\"Harboe\" \/>\n<meta property=\"article:modified_time\" content=\"2020-09-30T09:34:14+00:00\" \/>\n<meta property=\"og:image\" content=\"https:\/\/harboe.com\/wp-content\/uploads\/2019\/01\/harboe_de_foerste_100_aar_featured_1080X1080.jpg\" \/>\n\t<meta property=\"og:image:width\" content=\"1080\" \/>\n\t<meta property=\"og:image:height\" content=\"1080\" \/>\n\t<meta property=\"og:image:type\" content=\"image\/jpeg\" \/>\n<meta name=\"twitter:card\" content=\"summary_large_image\" \/>\n<script type=\"application\/ld+json\" class=\"yoast-schema-graph\">{\"@context\":\"https:\/\/schema.org\",\"@graph\":[{\"@type\":\"WebPage\",\"@id\":\"https:\/\/harboe.com\/de\/die-ersten-100-jahre\/\",\"url\":\"https:\/\/harboe.com\/de\/die-ersten-100-jahre\/\",\"name\":\"Die ersten 100 Jahre - Harboe\",\"isPartOf\":{\"@id\":\"https:\/\/harboe.com\/#website\"},\"primaryImageOfPage\":{\"@id\":\"https:\/\/harboe.com\/de\/die-ersten-100-jahre\/#primaryimage\"},\"image\":{\"@id\":\"https:\/\/harboe.com\/de\/die-ersten-100-jahre\/#primaryimage\"},\"thumbnailUrl\":\"https:\/\/harboe.com\/wp-content\/uploads\/2019\/01\/harboe_de_foerste_100_aar_featured_1080X1080.jpg\",\"datePublished\":\"2018-12-04T14:36:19+00:00\",\"dateModified\":\"2020-09-30T09:34:14+00:00\",\"description\":\"Alles begann 1883 in Sk\u00e6lsk\u00f8r mit den zwei Br\u00fcdern J\u00f8rgen und Adolph, die einen gemeinsamen Traum vom Bierbrauen hatten.\",\"breadcrumb\":{\"@id\":\"https:\/\/harboe.com\/de\/die-ersten-100-jahre\/#breadcrumb\"},\"inLanguage\":\"de\",\"potentialAction\":[{\"@type\":\"ReadAction\",\"target\":[\"https:\/\/harboe.com\/de\/die-ersten-100-jahre\/\"]}]},{\"@type\":\"ImageObject\",\"inLanguage\":\"de\",\"@id\":\"https:\/\/harboe.com\/de\/die-ersten-100-jahre\/#primaryimage\",\"url\":\"https:\/\/harboe.com\/wp-content\/uploads\/2019\/01\/harboe_de_foerste_100_aar_featured_1080X1080.jpg\",\"contentUrl\":\"https:\/\/harboe.com\/wp-content\/uploads\/2019\/01\/harboe_de_foerste_100_aar_featured_1080X1080.jpg\",\"width\":1080,\"height\":1080},{\"@type\":\"BreadcrumbList\",\"@id\":\"https:\/\/harboe.com\/de\/die-ersten-100-jahre\/#breadcrumb\",\"itemListElement\":[{\"@type\":\"ListItem\",\"position\":1,\"name\":\"Home\",\"item\":\"https:\/\/harboe.com\/de\/\"},{\"@type\":\"ListItem\",\"position\":2,\"name\":\"Die ersten 100 Jahre\"}]},{\"@type\":\"WebSite\",\"@id\":\"https:\/\/harboe.com\/#website\",\"url\":\"https:\/\/harboe.com\/\",\"name\":\"Harboe\",\"description\":\"\",\"potentialAction\":[{\"@type\":\"SearchAction\",\"target\":{\"@type\":\"EntryPoint\",\"urlTemplate\":\"https:\/\/harboe.com\/?s={search_term_string}\"},\"query-input\":{\"@type\":\"PropertyValueSpecification\",\"valueRequired\":true,\"valueName\":\"search_term_string\"}}],\"inLanguage\":\"de\"}]}<\/script>\n<!-- \/ Yoast SEO plugin. -->","yoast_head_json":{"title":"Die ersten 100 Jahre - Harboe","description":"Alles begann 1883 in Sk\u00e6lsk\u00f8r mit den zwei Br\u00fcdern J\u00f8rgen und Adolph, die einen gemeinsamen Traum vom Bierbrauen hatten.","robots":{"index":"index","follow":"follow","max-snippet":"max-snippet:-1","max-image-preview":"max-image-preview:large","max-video-preview":"max-video-preview:-1"},"canonical":"https:\/\/harboe.com\/de\/die-ersten-100-jahre\/","og_locale":"de_DE","og_type":"article","og_title":"Die ersten 100 Jahre - Harboe","og_description":"Alles begann 1883 in Sk\u00e6lsk\u00f8r mit den zwei Br\u00fcdern J\u00f8rgen und Adolph, die einen gemeinsamen Traum vom Bierbrauen hatten.","og_url":"https:\/\/harboe.com\/de\/die-ersten-100-jahre\/","og_site_name":"Harboe","article_modified_time":"2020-09-30T09:34:14+00:00","og_image":[{"width":1080,"height":1080,"url":"https:\/\/harboe.com\/wp-content\/uploads\/2019\/01\/harboe_de_foerste_100_aar_featured_1080X1080.jpg","type":"image\/jpeg"}],"twitter_card":"summary_large_image","schema":{"@context":"https:\/\/schema.org","@graph":[{"@type":"WebPage","@id":"https:\/\/harboe.com\/de\/die-ersten-100-jahre\/","url":"https:\/\/harboe.com\/de\/die-ersten-100-jahre\/","name":"Die ersten 100 Jahre - Harboe","isPartOf":{"@id":"https:\/\/harboe.com\/#website"},"primaryImageOfPage":{"@id":"https:\/\/harboe.com\/de\/die-ersten-100-jahre\/#primaryimage"},"image":{"@id":"https:\/\/harboe.com\/de\/die-ersten-100-jahre\/#primaryimage"},"thumbnailUrl":"https:\/\/harboe.com\/wp-content\/uploads\/2019\/01\/harboe_de_foerste_100_aar_featured_1080X1080.jpg","datePublished":"2018-12-04T14:36:19+00:00","dateModified":"2020-09-30T09:34:14+00:00","description":"Alles begann 1883 in Sk\u00e6lsk\u00f8r mit den zwei Br\u00fcdern J\u00f8rgen und Adolph, die einen gemeinsamen Traum vom Bierbrauen hatten.","breadcrumb":{"@id":"https:\/\/harboe.com\/de\/die-ersten-100-jahre\/#breadcrumb"},"inLanguage":"de","potentialAction":[{"@type":"ReadAction","target":["https:\/\/harboe.com\/de\/die-ersten-100-jahre\/"]}]},{"@type":"ImageObject","inLanguage":"de","@id":"https:\/\/harboe.com\/de\/die-ersten-100-jahre\/#primaryimage","url":"https:\/\/harboe.com\/wp-content\/uploads\/2019\/01\/harboe_de_foerste_100_aar_featured_1080X1080.jpg","contentUrl":"https:\/\/harboe.com\/wp-content\/uploads\/2019\/01\/harboe_de_foerste_100_aar_featured_1080X1080.jpg","width":1080,"height":1080},{"@type":"BreadcrumbList","@id":"https:\/\/harboe.com\/de\/die-ersten-100-jahre\/#breadcrumb","itemListElement":[{"@type":"ListItem","position":1,"name":"Home","item":"https:\/\/harboe.com\/de\/"},{"@type":"ListItem","position":2,"name":"Die ersten 100 Jahre"}]},{"@type":"WebSite","@id":"https:\/\/harboe.com\/#website","url":"https:\/\/harboe.com\/","name":"Harboe","description":"","potentialAction":[{"@type":"SearchAction","target":{"@type":"EntryPoint","urlTemplate":"https:\/\/harboe.com\/?s={search_term_string}"},"query-input":{"@type":"PropertyValueSpecification","valueRequired":true,"valueName":"search_term_string"}}],"inLanguage":"de"}]}},"_links":{"self":[{"href":"https:\/\/harboe.com\/de\/wp-json\/wp\/v2\/pages\/2070","targetHints":{"allow":["GET"]}}],"collection":[{"href":"https:\/\/harboe.com\/de\/wp-json\/wp\/v2\/pages"}],"about":[{"href":"https:\/\/harboe.com\/de\/wp-json\/wp\/v2\/types\/page"}],"author":[{"embeddable":true,"href":"https:\/\/harboe.com\/de\/wp-json\/wp\/v2\/users\/8"}],"replies":[{"embeddable":true,"href":"https:\/\/harboe.com\/de\/wp-json\/wp\/v2\/comments?post=2070"}],"version-history":[{"count":0,"href":"https:\/\/harboe.com\/de\/wp-json\/wp\/v2\/pages\/2070\/revisions"}],"wp:featuredmedia":[{"embeddable":true,"href":"https:\/\/harboe.com\/de\/wp-json\/wp\/v2\/media\/2071"}],"wp:attachment":[{"href":"https:\/\/harboe.com\/de\/wp-json\/wp\/v2\/media?parent=2070"}],"curies":[{"name":"wp","href":"https:\/\/api.w.org\/{rel}","templated":true}]}}