{"id":2093,"date":"2020-05-28T15:27:44","date_gmt":"2020-05-28T14:27:44","guid":{"rendered":"https:\/\/harboe-stage.dev2.webko.io\/cookie-politik\/"},"modified":"2020-09-30T06:38:11","modified_gmt":"2020-09-30T05:38:11","slug":"cookie-erklaerung","status":"publish","type":"page","link":"https:\/\/harboe.com\/de\/cookie-erklaerung\/","title":{"rendered":"Cookie-Erkl\u00e4rung"},"content":{"rendered":"<h3>&#8230;Sie k\u00f6nnen sie aber nat\u00fcrlich auch l\u00f6schen.<\/h3>\n<p>Cookies sind notwendig, damit unsere Website optimal funktioniert. Cookies liefern auch Informationen dar\u00fcber, wie Sie unsere Website nutzen, damit wir sie kontinuierlich f\u00fcr Sie verbessern k\u00f6nnen. Cookies auf dieser Website werden haupts\u00e4chlich zur Verkehrsmessung und Optimierung von Seiteninhalten verwendet.<\/p>\n<p>Anleitungen zum L\u00f6schen von Cookies:<\/p>\n<ul>\n<li><a href=\"https:\/\/support.google.com\/chrome\/answer\/95647?hl=en\" target=\"_blank\" rel=\"noopener noreferrer\">Google Chrome<\/a><\/li>\n<li><a href=\"https:\/\/support.mozilla.org\/en-US\/kb\/clear-cookies-and-site-data-firefox?redirectlocale=en-US&amp;redirectslug=delete-cookies-remove-info-websites-stored\" target=\"_blank\" rel=\"noopener noreferrer\">Mozilla Firefox<\/a><\/li>\n<li><a href=\"https:\/\/support.microsoft.com\/en-us\/help\/278835\/how-to-delete-cookie-files-in-internet-explorer\" target=\"_blank\" rel=\"noopener noreferrer\">Internet Explorer<\/a><\/li>\n<li><a href=\"https:\/\/support.apple.com\/guide\/safari\/manage-cookies-and-website-data-sfri11471\/mac\" target=\"_blank\" rel=\"noopener noreferrer\">Safari<\/a><\/li>\n<li><a href=\"https:\/\/www.opera.com\/da\/case-studies\/clean-browser-and-remove-trackers\" target=\"_blank\" rel=\"noopener noreferrer\">Opera<\/a><\/li>\n<\/ul>\n<p>Wenn Sie Fragen oder Anmerkungen haben, <a href=\"mailto:post@harboes-bryggeri.dk\" target=\"_blank\" rel=\"noopener noreferrer\">senden Sie uns bitte eine E-Mail<\/a>.<\/p>\n","protected":false},"excerpt":{"rendered":"&#8230;Sie k\u00f6nnen sie aber nat\u00fcrlich auch l\u00f6schen. Cookies sind notwendig, damit unsere Website optimal funktioniert. Cookies liefern auch Informationen dar\u00fcber, wie Sie unsere Website nutzen, damit wir sie kontinuierlich f\u00fcr Sie verbessern k\u00f6nnen. Cookies auf dieser Website werden haupts\u00e4chlich zur Verkehrsmessung und Optimierung von Seiteninhalten verwendet. Anleitungen zum L\u00f6schen von Cookies: Google Chrome Mozilla Firefox&#8230; <a class=\"view-article\" href=\"https:\/\/harboe.com\/de\/cookie-erklaerung\/\">View Article<\/a>","protected":false},"author":6,"featured_media":0,"parent":0,"menu_order":0,"comment_status":"closed","ping_status":"closed","template":"template-simple-text.php","meta":{"_acf_changed":false,"footnotes":""},"class_list":["post-2093","page","type-page","status-publish","hentry"],"acf":[],"yoast_head":"<!-- This site is optimized with the Yoast SEO plugin v26.0 - https:\/\/yoast.com\/wordpress\/plugins\/seo\/ -->\n<title>Cookie-Erkl\u00e4rung - Harboe<\/title>\n<meta name=\"robots\" content=\"index, follow, max-snippet:-1, max-image-preview:large, max-video-preview:-1\" \/>\n<link rel=\"canonical\" href=\"https:\/\/harboe.com\/de\/cookie-erklaerung\/\" \/>\n<meta property=\"og:locale\" content=\"de_DE\" \/>\n<meta property=\"og:type\" content=\"article\" \/>\n<meta property=\"og:title\" content=\"Cookie-Erkl\u00e4rung - Harboe\" \/>\n<meta property=\"og:description\" content=\"&#8230;Sie k\u00f6nnen sie aber nat\u00fcrlich auch l\u00f6schen. Cookies sind notwendig, damit unsere Website optimal funktioniert. Cookies liefern auch Informationen dar\u00fcber, wie Sie unsere Website nutzen, damit wir sie kontinuierlich f\u00fcr Sie verbessern k\u00f6nnen. Cookies auf dieser Website werden haupts\u00e4chlich zur Verkehrsmessung und Optimierung von Seiteninhalten verwendet. Anleitungen zum L\u00f6schen von Cookies: Google Chrome Mozilla Firefox... View Article\" \/>\n<meta property=\"og:url\" content=\"https:\/\/harboe.com\/de\/cookie-erklaerung\/\" \/>\n<meta property=\"og:site_name\" content=\"Harboe\" \/>\n<meta property=\"article:modified_time\" content=\"2020-09-30T05:38:11+00:00\" \/>\n<meta name=\"twitter:card\" content=\"summary_large_image\" \/>\n<script type=\"application\/ld+json\" class=\"yoast-schema-graph\">{\"@context\":\"https:\/\/schema.org\",\"@graph\":[{\"@type\":\"WebPage\",\"@id\":\"https:\/\/harboe.com\/de\/cookie-erklaerung\/\",\"url\":\"https:\/\/harboe.com\/de\/cookie-erklaerung\/\",\"name\":\"Cookie-Erkl\u00e4rung - Harboe\",\"isPartOf\":{\"@id\":\"https:\/\/harboe.com\/#website\"},\"datePublished\":\"2020-05-28T14:27:44+00:00\",\"dateModified\":\"2020-09-30T05:38:11+00:00\",\"breadcrumb\":{\"@id\":\"https:\/\/harboe.com\/de\/cookie-erklaerung\/#breadcrumb\"},\"inLanguage\":\"de\",\"potentialAction\":[{\"@type\":\"ReadAction\",\"target\":[\"https:\/\/harboe.com\/de\/cookie-erklaerung\/\"]}]},{\"@type\":\"BreadcrumbList\",\"@id\":\"https:\/\/harboe.com\/de\/cookie-erklaerung\/#breadcrumb\",\"itemListElement\":[{\"@type\":\"ListItem\",\"position\":1,\"name\":\"Home\",\"item\":\"https:\/\/harboe.com\/de\/\"},{\"@type\":\"ListItem\",\"position\":2,\"name\":\"Cookie-Erkl\u00e4rung\"}]},{\"@type\":\"WebSite\",\"@id\":\"https:\/\/harboe.com\/#website\",\"url\":\"https:\/\/harboe.com\/\",\"name\":\"Harboe\",\"description\":\"\",\"potentialAction\":[{\"@type\":\"SearchAction\",\"target\":{\"@type\":\"EntryPoint\",\"urlTemplate\":\"https:\/\/harboe.com\/?s={search_term_string}\"},\"query-input\":{\"@type\":\"PropertyValueSpecification\",\"valueRequired\":true,\"valueName\":\"search_term_string\"}}],\"inLanguage\":\"de\"}]}<\/script>\n<!-- \/ Yoast SEO plugin. -->","yoast_head_json":{"title":"Cookie-Erkl\u00e4rung - Harboe","robots":{"index":"index","follow":"follow","max-snippet":"max-snippet:-1","max-image-preview":"max-image-preview:large","max-video-preview":"max-video-preview:-1"},"canonical":"https:\/\/harboe.com\/de\/cookie-erklaerung\/","og_locale":"de_DE","og_type":"article","og_title":"Cookie-Erkl\u00e4rung - Harboe","og_description":"&#8230;Sie k\u00f6nnen sie aber nat\u00fcrlich auch l\u00f6schen. Cookies sind notwendig, damit unsere Website optimal funktioniert. Cookies liefern auch Informationen dar\u00fcber, wie Sie unsere Website nutzen, damit wir sie kontinuierlich f\u00fcr Sie verbessern k\u00f6nnen. Cookies auf dieser Website werden haupts\u00e4chlich zur Verkehrsmessung und Optimierung von Seiteninhalten verwendet. Anleitungen zum L\u00f6schen von Cookies: Google Chrome Mozilla Firefox... View Article","og_url":"https:\/\/harboe.com\/de\/cookie-erklaerung\/","og_site_name":"Harboe","article_modified_time":"2020-09-30T05:38:11+00:00","twitter_card":"summary_large_image","schema":{"@context":"https:\/\/schema.org","@graph":[{"@type":"WebPage","@id":"https:\/\/harboe.com\/de\/cookie-erklaerung\/","url":"https:\/\/harboe.com\/de\/cookie-erklaerung\/","name":"Cookie-Erkl\u00e4rung - Harboe","isPartOf":{"@id":"https:\/\/harboe.com\/#website"},"datePublished":"2020-05-28T14:27:44+00:00","dateModified":"2020-09-30T05:38:11+00:00","breadcrumb":{"@id":"https:\/\/harboe.com\/de\/cookie-erklaerung\/#breadcrumb"},"inLanguage":"de","potentialAction":[{"@type":"ReadAction","target":["https:\/\/harboe.com\/de\/cookie-erklaerung\/"]}]},{"@type":"BreadcrumbList","@id":"https:\/\/harboe.com\/de\/cookie-erklaerung\/#breadcrumb","itemListElement":[{"@type":"ListItem","position":1,"name":"Home","item":"https:\/\/harboe.com\/de\/"},{"@type":"ListItem","position":2,"name":"Cookie-Erkl\u00e4rung"}]},{"@type":"WebSite","@id":"https:\/\/harboe.com\/#website","url":"https:\/\/harboe.com\/","name":"Harboe","description":"","potentialAction":[{"@type":"SearchAction","target":{"@type":"EntryPoint","urlTemplate":"https:\/\/harboe.com\/?s={search_term_string}"},"query-input":{"@type":"PropertyValueSpecification","valueRequired":true,"valueName":"search_term_string"}}],"inLanguage":"de"}]}},"_links":{"self":[{"href":"https:\/\/harboe.com\/de\/wp-json\/wp\/v2\/pages\/2093","targetHints":{"allow":["GET"]}}],"collection":[{"href":"https:\/\/harboe.com\/de\/wp-json\/wp\/v2\/pages"}],"about":[{"href":"https:\/\/harboe.com\/de\/wp-json\/wp\/v2\/types\/page"}],"author":[{"embeddable":true,"href":"https:\/\/harboe.com\/de\/wp-json\/wp\/v2\/users\/6"}],"replies":[{"embeddable":true,"href":"https:\/\/harboe.com\/de\/wp-json\/wp\/v2\/comments?post=2093"}],"version-history":[{"count":0,"href":"https:\/\/harboe.com\/de\/wp-json\/wp\/v2\/pages\/2093\/revisions"}],"wp:attachment":[{"href":"https:\/\/harboe.com\/de\/wp-json\/wp\/v2\/media?parent=2093"}],"curies":[{"name":"wp","href":"https:\/\/api.w.org\/{rel}","templated":true}]}}