{"id":962,"date":"2018-12-04T15:36:19","date_gmt":"2018-12-04T14:36:19","guid":{"rendered":"https:\/\/harboe-stage.dev2.webko.io\/de-foerste-100-aar\/"},"modified":"2020-05-05T14:35:40","modified_gmt":"2020-05-05T13:35:40","slug":"the-founding-100-years","status":"publish","type":"page","link":"https:\/\/harboe.com\/en\/the-founding-100-years\/","title":{"rendered":"The founding 100 years"},"content":{"rendered":"","protected":false},"excerpt":{"rendered":"","protected":false},"author":8,"featured_media":477,"parent":0,"menu_order":0,"comment_status":"closed","ping_status":"closed","template":"","meta":{"_acf_changed":false,"footnotes":""},"class_list":["post-962","page","type-page","status-publish","has-post-thumbnail","hentry"],"acf":[],"yoast_head":"<!-- This site is optimized with the Yoast SEO plugin v26.0 - https:\/\/yoast.com\/wordpress\/plugins\/seo\/ -->\n<title>The founding 100 years - Harboe<\/title>\n<meta name=\"description\" content=\"It all began in Sk\u00e6lsk\u00f8r in 1883 with the two brothers J\u00f8rgen and Adolph sharing a dream of beer brewing. The rest is history.\" \/>\n<meta name=\"robots\" content=\"index, follow, max-snippet:-1, max-image-preview:large, max-video-preview:-1\" \/>\n<link rel=\"canonical\" href=\"https:\/\/harboe.com\/en\/the-founding-100-years\/\" \/>\n<meta property=\"og:locale\" content=\"en_US\" \/>\n<meta property=\"og:type\" content=\"article\" \/>\n<meta property=\"og:title\" content=\"The founding 100 years - Harboe\" \/>\n<meta property=\"og:description\" content=\"It all began in Sk\u00e6lsk\u00f8r in 1883 with the two brothers J\u00f8rgen and Adolph sharing a dream of beer brewing. The rest is history.\" \/>\n<meta property=\"og:url\" content=\"https:\/\/harboe.com\/en\/the-founding-100-years\/\" \/>\n<meta property=\"og:site_name\" content=\"Harboe\" \/>\n<meta property=\"article:modified_time\" content=\"2020-05-05T13:35:40+00:00\" \/>\n<meta property=\"og:image\" content=\"https:\/\/harboe.com\/wp-content\/uploads\/2019\/01\/harboe_de_foerste_100_aar_featured_1080X1080.jpg\" \/>\n\t<meta property=\"og:image:width\" content=\"1080\" \/>\n\t<meta property=\"og:image:height\" content=\"1080\" \/>\n\t<meta property=\"og:image:type\" content=\"image\/jpeg\" \/>\n<meta name=\"twitter:card\" content=\"summary_large_image\" \/>\n<script type=\"application\/ld+json\" class=\"yoast-schema-graph\">{\"@context\":\"https:\/\/schema.org\",\"@graph\":[{\"@type\":\"WebPage\",\"@id\":\"https:\/\/harboe.com\/en\/the-founding-100-years\/\",\"url\":\"https:\/\/harboe.com\/en\/the-founding-100-years\/\",\"name\":\"The founding 100 years - Harboe\",\"isPartOf\":{\"@id\":\"https:\/\/harboe.com\/#website\"},\"primaryImageOfPage\":{\"@id\":\"https:\/\/harboe.com\/en\/the-founding-100-years\/#primaryimage\"},\"image\":{\"@id\":\"https:\/\/harboe.com\/en\/the-founding-100-years\/#primaryimage\"},\"thumbnailUrl\":\"https:\/\/harboe.com\/wp-content\/uploads\/2019\/01\/harboe_de_foerste_100_aar_featured_1080X1080.jpg\",\"datePublished\":\"2018-12-04T14:36:19+00:00\",\"dateModified\":\"2020-05-05T13:35:40+00:00\",\"description\":\"It all began in Sk\u00e6lsk\u00f8r in 1883 with the two brothers J\u00f8rgen and Adolph sharing a dream of beer brewing. The rest is history.\",\"breadcrumb\":{\"@id\":\"https:\/\/harboe.com\/en\/the-founding-100-years\/#breadcrumb\"},\"inLanguage\":\"en-US\",\"potentialAction\":[{\"@type\":\"ReadAction\",\"target\":[\"https:\/\/harboe.com\/en\/the-founding-100-years\/\"]}]},{\"@type\":\"ImageObject\",\"inLanguage\":\"en-US\",\"@id\":\"https:\/\/harboe.com\/en\/the-founding-100-years\/#primaryimage\",\"url\":\"https:\/\/harboe.com\/wp-content\/uploads\/2019\/01\/harboe_de_foerste_100_aar_featured_1080X1080.jpg\",\"contentUrl\":\"https:\/\/harboe.com\/wp-content\/uploads\/2019\/01\/harboe_de_foerste_100_aar_featured_1080X1080.jpg\",\"width\":1080,\"height\":1080},{\"@type\":\"BreadcrumbList\",\"@id\":\"https:\/\/harboe.com\/en\/the-founding-100-years\/#breadcrumb\",\"itemListElement\":[{\"@type\":\"ListItem\",\"position\":1,\"name\":\"Home\",\"item\":\"https:\/\/harboe.com\/en\/\"},{\"@type\":\"ListItem\",\"position\":2,\"name\":\"The founding 100 years\"}]},{\"@type\":\"WebSite\",\"@id\":\"https:\/\/harboe.com\/#website\",\"url\":\"https:\/\/harboe.com\/\",\"name\":\"Harboe\",\"description\":\"\",\"potentialAction\":[{\"@type\":\"SearchAction\",\"target\":{\"@type\":\"EntryPoint\",\"urlTemplate\":\"https:\/\/harboe.com\/?s={search_term_string}\"},\"query-input\":{\"@type\":\"PropertyValueSpecification\",\"valueRequired\":true,\"valueName\":\"search_term_string\"}}],\"inLanguage\":\"en-US\"}]}<\/script>\n<!-- \/ Yoast SEO plugin. -->","yoast_head_json":{"title":"The founding 100 years - Harboe","description":"It all began in Sk\u00e6lsk\u00f8r in 1883 with the two brothers J\u00f8rgen and Adolph sharing a dream of beer brewing. The rest is history.","robots":{"index":"index","follow":"follow","max-snippet":"max-snippet:-1","max-image-preview":"max-image-preview:large","max-video-preview":"max-video-preview:-1"},"canonical":"https:\/\/harboe.com\/en\/the-founding-100-years\/","og_locale":"en_US","og_type":"article","og_title":"The founding 100 years - Harboe","og_description":"It all began in Sk\u00e6lsk\u00f8r in 1883 with the two brothers J\u00f8rgen and Adolph sharing a dream of beer brewing. The rest is history.","og_url":"https:\/\/harboe.com\/en\/the-founding-100-years\/","og_site_name":"Harboe","article_modified_time":"2020-05-05T13:35:40+00:00","og_image":[{"width":1080,"height":1080,"url":"https:\/\/harboe.com\/wp-content\/uploads\/2019\/01\/harboe_de_foerste_100_aar_featured_1080X1080.jpg","type":"image\/jpeg"}],"twitter_card":"summary_large_image","schema":{"@context":"https:\/\/schema.org","@graph":[{"@type":"WebPage","@id":"https:\/\/harboe.com\/en\/the-founding-100-years\/","url":"https:\/\/harboe.com\/en\/the-founding-100-years\/","name":"The founding 100 years - Harboe","isPartOf":{"@id":"https:\/\/harboe.com\/#website"},"primaryImageOfPage":{"@id":"https:\/\/harboe.com\/en\/the-founding-100-years\/#primaryimage"},"image":{"@id":"https:\/\/harboe.com\/en\/the-founding-100-years\/#primaryimage"},"thumbnailUrl":"https:\/\/harboe.com\/wp-content\/uploads\/2019\/01\/harboe_de_foerste_100_aar_featured_1080X1080.jpg","datePublished":"2018-12-04T14:36:19+00:00","dateModified":"2020-05-05T13:35:40+00:00","description":"It all began in Sk\u00e6lsk\u00f8r in 1883 with the two brothers J\u00f8rgen and Adolph sharing a dream of beer brewing. The rest is history.","breadcrumb":{"@id":"https:\/\/harboe.com\/en\/the-founding-100-years\/#breadcrumb"},"inLanguage":"en-US","potentialAction":[{"@type":"ReadAction","target":["https:\/\/harboe.com\/en\/the-founding-100-years\/"]}]},{"@type":"ImageObject","inLanguage":"en-US","@id":"https:\/\/harboe.com\/en\/the-founding-100-years\/#primaryimage","url":"https:\/\/harboe.com\/wp-content\/uploads\/2019\/01\/harboe_de_foerste_100_aar_featured_1080X1080.jpg","contentUrl":"https:\/\/harboe.com\/wp-content\/uploads\/2019\/01\/harboe_de_foerste_100_aar_featured_1080X1080.jpg","width":1080,"height":1080},{"@type":"BreadcrumbList","@id":"https:\/\/harboe.com\/en\/the-founding-100-years\/#breadcrumb","itemListElement":[{"@type":"ListItem","position":1,"name":"Home","item":"https:\/\/harboe.com\/en\/"},{"@type":"ListItem","position":2,"name":"The founding 100 years"}]},{"@type":"WebSite","@id":"https:\/\/harboe.com\/#website","url":"https:\/\/harboe.com\/","name":"Harboe","description":"","potentialAction":[{"@type":"SearchAction","target":{"@type":"EntryPoint","urlTemplate":"https:\/\/harboe.com\/?s={search_term_string}"},"query-input":{"@type":"PropertyValueSpecification","valueRequired":true,"valueName":"search_term_string"}}],"inLanguage":"en-US"}]}},"_links":{"self":[{"href":"https:\/\/harboe.com\/en\/wp-json\/wp\/v2\/pages\/962","targetHints":{"allow":["GET"]}}],"collection":[{"href":"https:\/\/harboe.com\/en\/wp-json\/wp\/v2\/pages"}],"about":[{"href":"https:\/\/harboe.com\/en\/wp-json\/wp\/v2\/types\/page"}],"author":[{"embeddable":true,"href":"https:\/\/harboe.com\/en\/wp-json\/wp\/v2\/users\/8"}],"replies":[{"embeddable":true,"href":"https:\/\/harboe.com\/en\/wp-json\/wp\/v2\/comments?post=962"}],"version-history":[{"count":0,"href":"https:\/\/harboe.com\/en\/wp-json\/wp\/v2\/pages\/962\/revisions"}],"wp:featuredmedia":[{"embeddable":true,"href":"https:\/\/harboe.com\/en\/wp-json\/wp\/v2\/media\/477"}],"wp:attachment":[{"href":"https:\/\/harboe.com\/en\/wp-json\/wp\/v2\/media?parent=962"}],"curies":[{"name":"wp","href":"https:\/\/api.w.org\/{rel}","templated":true}]}}